{"id":7,"date":"2025-05-08T16:09:47","date_gmt":"2025-05-08T14:09:47","guid":{"rendered":"https:\/\/www.tommymontegu.blog\/?page_id=7"},"modified":"2025-05-08T16:09:47","modified_gmt":"2025-05-08T14:09:47","slug":"qui-suis-je","status":"publish","type":"page","link":"https:\/\/www.tommymontegu.blog\/index.php\/qui-suis-je\/","title":{"rendered":"Qui suis-je ?"},"content":{"rendered":"\n<p>Je m&rsquo;appelle Tommy Mont\u00e9gu. N\u00e9 en 1997 \u00e0 l&rsquo;\u00eele de la R\u00e9union, je fais partie de la g\u00e9n\u00e9ration de cr\u00e9ole dit \u00ab\u00a0Yab\u00a0\u00bb. <\/p>\n\n\n\n<p>J&rsquo;ai grandit dans les hauts de l&rsquo;\u00eele, dans le quartier du Tapage. J&rsquo;ai r\u00e9alis\u00e9 ma scolarit\u00e9 dans l&rsquo;\u00e9cole du quartier. J&rsquo;\u00e9tais connu pour \u00eatre un \u00e9l\u00e8ve turbulent, mais pr\u00e9coce.<\/p>\n\n\n\n<p>J&rsquo;ai d&rsquo;ailleurs saut\u00e9 la classe de Grande Section, pour passer directement au CP. J&rsquo;\u00e9tais dans une classe double niveau GS\/CP et je suivais plus les cours du CP que ceux de grande section. Les rageux diront que c&rsquo;est pour \u00e7a qu&rsquo;aujourd&rsquo;hui je ne sais ni d\u00e9couper une feuille de papier de fa\u00e7on lin\u00e9aire, ni colorier \u00e0 l&rsquo;int\u00e9rieur des bandes d&rsquo;un dessin ! Mais cela ne m&rsquo;a jamais int\u00e9ress\u00e9. <\/p>\n\n\n\n<p>Malgr\u00e9 que je sois le plus jeune dans toutes les classes o\u00f9 je suis pass\u00e9, j&rsquo;ai toujours eu une \u00e2me de leader et de meneur. Et la plupart du temps, de leader pour mener les 400 coups, et me retrouver dans le bureau de la directrice, du CPE ou du proviseur. <\/p>\n\n\n\n<p>Ces 400 coups m&rsquo;ont amen\u00e9 \u00e0 exp\u00e9rimenter plusieurs sports, et plusieurs blessures. Du v\u00e9lo au yamakasi, en passant par le breakdance ou le MMA, mon enfance et adolescence a bien \u00e9t\u00e9 sportif.<\/p>\n\n\n\n<p>J&rsquo;ai ensuite d\u00e9cid\u00e9 d&rsquo;orienter mes \u00e9tudes vers le domaine de l&rsquo;informatique. Je suis le st\u00e9r\u00e9otype parfait de l&rsquo;informaticien : commencer gr\u00e2ce aux jeux vid\u00e9os, j&rsquo;ai cherch\u00e9 comment en faire (Faux ! J&rsquo;ai cherch\u00e9 surtout comment les craquer pour ne pas les payer). <\/p>\n\n\n\n<p>Organisateur de LAN party depuis mes 14 ans, nous \u00e9tions \u00e0 6 dans ma chambre de 10 m\u00b2 pour des Counter Strike, des Blur, des Call of Duty, et bien d&rsquo;autres. <\/p>\n\n\n\n<p>Mon premier LAN je l&rsquo;ai mont\u00e9 avec un Hub, puis on est pass\u00e9 sur l&rsquo;\u00e8re du VPN avec Hamachi. C&rsquo;est donc tout naturellement que je me suis orient\u00e9 vers ce m\u00e9tier. En plus, les fiches ONISEP indiqu\u00e9es que cela payait bien (mais je me suis rendu compte ensuite que cela payait bien..en France mais pas \u00e0 la R\u00e9union). <\/p>\n\n\n\n<p>Apr\u00e8s l&rsquo;obtention de mon Bac S sp\u00e9cialit\u00e9 SVT avec les f\u00e9licitations du jury (objectif avoir la bourse du m\u00e9rite et les 200\u20ac par mois de Didier Robert \u00e0 l&rsquo;\u00e9poque !), je suis parti \u00e0 l&rsquo;IUT de Saint-Pierre pour faire un DUT R\u00e9seaux &amp; T\u00e9l\u00e9coms.<\/p>\n\n\n\n<p>L\u00e0, je me suis retrouv\u00e9 dans mon monde : des ordinateurs, du code, du r\u00e9seau, du syst\u00e8me, de la virtualisation. Rester pour des TP jusqu&rsquo;\u00e0 19h, cela ne me d\u00e9rangeait pas ! Voir l&rsquo;envers du d\u00e9cor, l\u00e0 j&rsquo;ai su que j&rsquo;allais faire un m\u00e9tier passion. Encore aujourd&rsquo;hui, je fais un blog (so has-been) pour parler de tout \u00e7a ! <\/p>\n\n\n\n<p>Apr\u00e8s ce DUT, je suis sortie second de ma promotion, et je me suis orient\u00e9 vers une licence professionnel R\u00e9seaux &amp; T\u00e9l\u00e9coms, toujours \u00e0 l&rsquo;IUT mais cette fois-ci en alternance. <\/p>\n\n\n\n<p>Ayant exp\u00e9rimenter le monde du travail lors d&rsquo;un stage de 8 semaines en deuxi\u00e8me ann\u00e9es, j&rsquo;y ai pris go\u00fbt : d\u00e9panner les gens, traiter les probl\u00e8mes, trouver des solutions et les mettre en place, cela m&rsquo;a vraiment plu. Je remercie d&rsquo;ailleurs mon tuteur, M. Patrick Hervier, patron d&rsquo;Av\u00e9olys pour m&rsquo;avoir accueil \u00e0 cette \u00e9poque. <\/p>\n\n\n\n<p>C&rsquo;est aussi gr\u00e2ce \u00e0 lui que j&rsquo;ai pu entreprendre mon avenir dans la soci\u00e9t\u00e9 o\u00f9 je suis actuellement : Exodata.<\/p>\n\n\n\n<p>En effet, pour la licence, et pour suivre ma merveilleuse compagne dans le Nord de l&rsquo;\u00eele (quelle exp\u00e9dition pour moi petit Yab), j&rsquo;ai du trouver une entreprise \u00e0 Saint-Denis.<\/p>\n\n\n\n<p>L\u00e0, la vie d&rsquo;adulte a commenc\u00e9 : loyer, d\u00e9m\u00e9nagement, achat et \u00e9quipement de l&rsquo;appartement et bien d&rsquo;autres tracas. Mais c&rsquo;est l\u00e0 qu&rsquo;on commence \u00e0 se sentir vivant.<\/p>\n\n\n\n<p>J&rsquo;ai commenc\u00e9 donc mon alternance en tant que technicien syst\u00e8mes et r\u00e9seaux chez Exodata, la r\u00e9f\u00e9rence en mati\u00e8re de Cloud dans les DOM TOM (et bient\u00f4t en France, pour ceux qui auront le courage de lire toute l&rsquo;histoire). <\/p>\n\n\n\n<p>Gr\u00e2ce \u00e0 M. Hervier, j&rsquo;ai pu rencontrer M. Fran\u00e7ois No\u00ebl (paix \u00e0 son \u00e2me) qui m&rsquo;a accueilli chez Exodata. Pour l&rsquo;entretien, je me souviens encore : <\/p>\n\n\n\n<ul class=\"wp-block-list\">\n<li>Entretien \u00e0 11h \u00e0 Saint-Denis<\/li>\n\n\n\n<li>Tommy d\u00e9colle \u00e0 08h du sud<\/li>\n\n\n\n<li>Se tape tous les embouteillages de la tranch\u00e9e couverte<\/li>\n\n\n\n<li>Ne comprend pas la diff\u00e9rence entre Boulevard sud et lancastel et se trompe de chemin<\/li>\n\n\n\n<li>Arrive sur le rond-point magique du butor pour remonter vers la trinit\u00e9 \/ montgaillard<\/li>\n\n\n\n<li>Fini par se retrouver et arriver \u00e0 10h30 !<\/li>\n<\/ul>\n\n\n\n<p>Quelle \u00e9pop\u00e9e diront les plus anciens !<\/p>\n\n\n\n<p>Chez Exodata, pour ceux qui me suivent et me connaissent, j&rsquo;ai eu une belle \u00e9volution de carri\u00e8re : j&rsquo;y ai fait mes 3 ans d&rsquo;alternance (je passe la partie apr\u00e8s la licence pro o\u00f9 j&rsquo;ai fait 2 ans dans une \u00e9cole, HESIP pour ne pas les citer, mais j&rsquo;ai plus level up en Xonotic et Fifa qu&rsquo;en syst\u00e8mes et r\u00e9seaux). <\/p>\n\n\n\n<p>Suite \u00e0 ces 3 ans d&rsquo;alternance, j&rsquo;ai pu d\u00e9crocher un CDI en tant qu&rsquo;ing\u00e9nieur polyvalent cloud. J&rsquo;\u00e9tais d\u00e9j\u00e0 apr\u00e8s ces 3 ans d&rsquo;alternance ce qu&rsquo;on peut qualifier d&rsquo;un ing\u00e9nieur interm\u00e9diaire \/ consultant. J&rsquo;allais chez des clients en autonomie pour mener des audits, j&rsquo;\u00e9tais un niveau d&rsquo;escalade pour les nouveaux alternants qu&rsquo;on avait pris, je mener des projets d&rsquo;int\u00e9gration et des projets internes.<\/p>\n\n\n\n<p>Cependant, pour gagner plus (et vous apprendrez \u00e0 savoir que la libert\u00e9 financi\u00e8re est ce qui me motive), il faut en faire plus. J&rsquo;ai donc \u00e9t\u00e9 pendant plus d&rsquo;un an responsable du process support : je n&rsquo;\u00e9tais pas manager mais j&rsquo;\u00e9tais le garant de la satisfaction cliente. Donc en plus de mes missions, je devais contr\u00f4ler la qualit\u00e9 du support fourni par Exodata et ses \u00e9quipes.<\/p>\n\n\n\n<p>J&rsquo;ai eu ensuite la chance gr\u00e2ce \u00e0 une r\u00e9organisation interne, de passer Responsable Cloud &amp; Services manag\u00e9s. L\u00e0 j&rsquo;ai commencer \u00e0 encadrer un bon nombre de personne, et \u00eatre garant du bon fonctionnement de la production et du delivery : s&rsquo;assurer que tout ce qui est r\u00e9current et qu&rsquo;on fourni \u00e0 nos clients, fonctionnent correctement. Ce fut une ann\u00e9e stressante mais tr\u00e8s enrichissante en termes d&rsquo;apprentissage de management et de gestion de crise \/ conflits. <\/p>\n\n\n\n<p>Tellement stressante que fin 2024, \u00e0 cause de nombreux d\u00e9parts, nous avons fait une nouvelle r\u00e9organisation et je me suis retrouv\u00e9 aujourd&rsquo;hui Responsable de l&rsquo;avant-vente cloud chez Exodata. Un m\u00e9tier o\u00f9 je suis moins attach\u00e9e \u00e0 la production mais plus \u00e0 la qualification des besoins, le chiffrage et la r\u00e9daction de proposition technique et commerciale. Comme quoi, tout me ram\u00e8ne \u00e0 l&rsquo;argent.<\/p>\n\n\n\n<p>Je vous ai beaucoup parl\u00e9 d&rsquo;Exodata, et j&rsquo;aurai l&rsquo;occasion d&rsquo;y revenir tant les exp\u00e9riences pass\u00e9es ont \u00e9t\u00e9 nombreuses et enrichissantes. Mais il y a eu un gros pan de ma vie qui s&rsquo;est d\u00e9roul\u00e9 en parall\u00e8le : l&rsquo;entrepreneuriat. <\/p>\n\n\n\n<p>En effet, pour le m\u00e9moire de mon \u00e9cole, Hesip et l&rsquo;obtention de mon \u00ab\u00a0master\u00a0\u00bb, je devais mener un projet professionnel et un projet personnel. <\/p>\n\n\n\n<p>J&rsquo;ai eu l&rsquo;id\u00e9e, friand des nouveaux contenus \u00e9mergeants \u00e0 l&rsquo;\u00e9poque comme Netflix, Deezer, etc. d&rsquo;avoir un syst\u00e8me d&rsquo;abonnement unique pour tous ces services et moins chers&#8230;comme un bouquet Parabole pour les plus anciens ! <\/p>\n\n\n\n<p>J&rsquo;ai donc d\u00e9velopp\u00e9 et pitch\u00e9 cette plateforme pour mon m\u00e9moire. Et ce fut un succ\u00e8s (en tout cas pour le public que j&rsquo;ai eu). Et j&rsquo;y ai vu l\u00e0 l&rsquo;occasion pour moi d&rsquo;atteindre un de mes buts ultimes : la libert\u00e9 financi\u00e8re.<\/p>\n\n\n\n<p>J&rsquo;ai commenc\u00e9 donc \u00e0 d\u00e9velopper un MVP, \u00e0 en parler autour de moi, \u00e0 r\u00e9unir une \u00e9quipe de b\u00e9n\u00e9voles (que je remercie encore d&rsquo;ailleurs) pour monter le projet en parall\u00e8le. Pendant 2 ans, nous avons tous travaill\u00e9s comme des malades. Pour sortir un produit viable et qui est encore en fonction aujourd&rsquo;hui.<\/p>\n\n\n\n<p>J&rsquo;aurais l&rsquo;occasion de vous parler plus en d\u00e9tail de la partie AllDamnLife dans d&rsquo;autres de mes articles. Car il y a beaucoup \u00e0 dire : les concours, les tensions, la cr\u00e9ation d&rsquo;entreprise, l&rsquo;entr\u00e9e ou pas de nouveaux investisseurs, etc.<\/p>\n\n\n\n<p>A c\u00f4t\u00e9 de \u00e7a, je suis quelqu&rsquo;un qui aime la m\u00e9canique et le sport automobile, le sport en tout genre (m\u00eame le football), les voyages (je pourrais faire une section voyage sur mon blog tiens !), la famille que j&rsquo;ai et qu&rsquo;on m&rsquo;a donn\u00e9 (\u00e7a c&rsquo;est priv\u00e9, je vous en parlerai pas !) et entreprendre.<\/p>\n\n\n\n<p>Vous l&rsquo;aurez compris, je suis hyperactif par moment, et j&rsquo;aime avoir toujours l&rsquo;esprit bien rempli et imaginer de nouvelles choses. <\/p>\n\n\n\n<p>Mon objectif au travers de ce blog est de vous divertir, avec mes histoires, mais aussi partager mes connaissances et exp\u00e9riences et pourquoi pas, vous inspirez !<\/p>\n","protected":false},"excerpt":{"rendered":"<p>Je m&rsquo;appelle Tommy Mont\u00e9gu. N\u00e9 en 1997 \u00e0 l&rsquo;\u00eele de la R\u00e9union, je fais partie de la g\u00e9n\u00e9ration de cr\u00e9ole dit \u00ab\u00a0Yab\u00a0\u00bb. J&rsquo;ai grandit dans les hauts de l&rsquo;\u00eele, dans le quartier du Tapage. J&rsquo;ai r\u00e9alis\u00e9 ma scolarit\u00e9 dans l&rsquo;\u00e9cole du quartier. J&rsquo;\u00e9tais connu pour \u00eatre un \u00e9l\u00e8ve turbulent, mais pr\u00e9coce. J&rsquo;ai d&rsquo;ailleurs saut\u00e9 la [&hellip;]<\/p>\n","protected":false},"author":1,"featured_media":0,"parent":0,"menu_order":0,"comment_status":"closed","ping_status":"closed","template":"","meta":{"footnotes":""},"class_list":["post-7","page","type-page","status-publish","hentry"],"_links":{"self":[{"href":"https:\/\/www.tommymontegu.blog\/index.php\/wp-json\/wp\/v2\/pages\/7","targetHints":{"allow":["GET"]}}],"collection":[{"href":"https:\/\/www.tommymontegu.blog\/index.php\/wp-json\/wp\/v2\/pages"}],"about":[{"href":"https:\/\/www.tommymontegu.blog\/index.php\/wp-json\/wp\/v2\/types\/page"}],"author":[{"embeddable":true,"href":"https:\/\/www.tommymontegu.blog\/index.php\/wp-json\/wp\/v2\/users\/1"}],"replies":[{"embeddable":true,"href":"https:\/\/www.tommymontegu.blog\/index.php\/wp-json\/wp\/v2\/comments?post=7"}],"version-history":[{"count":6,"href":"https:\/\/www.tommymontegu.blog\/index.php\/wp-json\/wp\/v2\/pages\/7\/revisions"}],"predecessor-version":[{"id":14,"href":"https:\/\/www.tommymontegu.blog\/index.php\/wp-json\/wp\/v2\/pages\/7\/revisions\/14"}],"wp:attachment":[{"href":"https:\/\/www.tommymontegu.blog\/index.php\/wp-json\/wp\/v2\/media?parent=7"}],"curies":[{"name":"wp","href":"https:\/\/api.w.org\/{rel}","templated":true}]}}